{"id":7354,"date":"2024-07-26T07:27:49","date_gmt":"2024-07-26T07:27:49","guid":{"rendered":"https:\/\/sevensun.design\/?page_id=7354"},"modified":"2026-01-21T23:43:09","modified_gmt":"2026-01-21T21:43:09","slug":"vertical-systems","status":"publish","type":"page","link":"https:\/\/sevensun.design\/de\/vertical-systems\/","title":{"rendered":"Vertikale Systeme"},"content":{"rendered":"<p><div class=\"fusion-fullwidth fullwidth-box fusion-builder-row-1 fusion-flex-container fusion-parallax-none nonhundred-percent-fullwidth hundred-percent-height hundred-percent-height-center-content non-hundred-percent-height-scrolling\" style=\"background-color: #181b20;background-image: url(&quot;https:\/\/sevensun.design\/wp-content\/uploads\/2021\/01\/vertisun-1-scaled.jpg&quot;);background-position: center center;background-repeat: no-repeat;border-width: 0px 0px 0px 0px;border-color:#eae9e9;border-style:solid;-webkit-background-size:cover;-moz-background-size:cover;-o-background-size:cover;background-size:cover;\" ><div class=\"fusion-builder-row fusion-row fusion-flex-align-items-center fusion-flex-align-content-center\" style=\"max-width:1320.8px;margin-left: calc(-4% \/ 2 );margin-right: calc(-4% \/ 2 );\"><div class=\"fusion-layout-column fusion_builder_column fusion-builder-column-0 fusion_builder_column_1_6 1_6 fusion-flex-column\"><div class=\"fusion-column-wrapper fusion-flex-justify-content-flex-start fusion-content-layout-column\" style=\"background-position:left top;background-repeat:no-repeat;-webkit-background-size:cover;-moz-background-size:cover;-o-background-size:cover;background-size:cover;padding: 0px 0px 0px 0px;\"><\/div><\/div><style type=\"text\/css\">.fusion-body .fusion-builder-column-0{width:16.666666666667% !important;margin-top : 10px;margin-bottom : 10px;}.fusion-builder-column-0 > .fusion-column-wrapper {padding-top : 0px !important;padding-right : 0px !important;margin-right : 11.52%;padding-bottom : 0px !important;padding-left : 0px !important;margin-left : 11.52%;}@media only screen and (max-width:1024px) {.fusion-body .fusion-builder-column-0{width:100% !important;}.fusion-builder-column-0 > .fusion-column-wrapper {margin-right : 1.92%;margin-left : 1.92%;}}@media only screen and (max-width:480px) {.fusion-body .fusion-builder-column-0{width:100% !important;}.fusion-builder-column-0 > .fusion-column-wrapper {margin-right : 1.92%;margin-left : 1.92%;}}<\/style><div class=\"fusion-layout-column fusion_builder_column fusion-builder-column-1 fusion_builder_column_2_3 2_3 fusion-flex-column fusion-animated\" data-animationType=\"fadeInDown\" data-animationDuration=\"0.8\" data-animationOffset=\"100%\"><div class=\"fusion-column-wrapper fusion-flex-justify-content-flex-start fusion-content-layout-column\" style=\"background-position:left top;background-repeat:no-repeat;-webkit-background-size:cover;-moz-background-size:cover;-o-background-size:cover;background-size:cover;padding: 0px 0px 0px 0px;\"><\/div><\/div><style type=\"text\/css\">.fusion-body .fusion-builder-column-1{width:66.666666666667% !important;margin-top : 25px;margin-bottom : 25px;}.fusion-builder-column-1 > .fusion-column-wrapper {padding-top : 0px !important;padding-right : 0px !important;margin-right : 2.88%;padding-bottom : 0px !important;padding-left : 0px !important;margin-left : 2.88%;}@media only screen and (max-width:1024px) {.fusion-body .fusion-builder-column-1{width:100% !important;}.fusion-builder-column-1 > .fusion-column-wrapper {margin-right : 1.92%;margin-left : 1.92%;}}@media only screen and (max-width:480px) {.fusion-body .fusion-builder-column-1{width:100% !important;}.fusion-builder-column-1 > .fusion-column-wrapper {margin-right : 0%;margin-left : 0%;}}<\/style><div class=\"fusion-layout-column fusion_builder_column fusion-builder-column-2 fusion_builder_column_1_6 1_6 fusion-flex-column\"><div class=\"fusion-column-wrapper fusion-flex-justify-content-flex-start fusion-content-layout-column\" style=\"background-position:left top;background-repeat:no-repeat;-webkit-background-size:cover;-moz-background-size:cover;-o-background-size:cover;background-size:cover;padding: 0px 0px 0px 0px;\"><\/div><\/div><style type=\"text\/css\">.fusion-body .fusion-builder-column-2{width:16.666666666667% !important;margin-top : 10px;margin-bottom : 10PX;}.fusion-builder-column-2 > .fusion-column-wrapper {padding-top : 0px !important;padding-right : 0px !important;margin-right : 11.52%;padding-bottom : 0px !important;padding-left : 0px !important;margin-left : 11.52%;}@media only screen and (max-width:1024px) {.fusion-body .fusion-builder-column-2{width:100% !important;}.fusion-builder-column-2 > .fusion-column-wrapper {margin-right : 1.92%;margin-left : 1.92%;}}@media only screen and (max-width:480px) {.fusion-body .fusion-builder-column-2{width:100% !important;}.fusion-builder-column-2 > .fusion-column-wrapper {margin-right : 1.92%;margin-left : 1.92%;}}<\/style><div class=\"fusion-layout-column fusion_builder_column fusion-builder-column-3 fusion_builder_column_1_1 1_1 fusion-flex-column\"><div class=\"fusion-column-wrapper fusion-flex-justify-content-flex-start fusion-content-layout-column\" style=\"background-position:left top;background-repeat:no-repeat;-webkit-background-size:cover;-moz-background-size:cover;-o-background-size:cover;background-size:cover;padding: 0px 0px 0px 0px;\"><\/div><\/div><style type=\"text\/css\">.fusion-body .fusion-builder-column-3{width:100% !important;margin-top : 25px;margin-bottom : 25px;}.fusion-builder-column-3 > .fusion-column-wrapper {padding-top : 0px !important;padding-right : 0px !important;margin-right : 1.92%;padding-bottom : 0px !important;padding-left : 0px !important;margin-left : 1.92%;}@media only screen and (max-width:1024px) {.fusion-body .fusion-builder-column-3{width:100% !important;order : 0;}.fusion-builder-column-3 > .fusion-column-wrapper {margin-right : 1.92%;margin-left : 1.92%;}}@media only screen and (max-width:480px) {.fusion-body .fusion-builder-column-3{width:100% !important;order : 0;}.fusion-builder-column-3 > .fusion-column-wrapper {margin-right : 1.92%;margin-left : 1.92%;}}<\/style><\/div><style type=\"text\/css\">.fusion-body .fusion-flex-container.fusion-builder-row-1{ padding-top : 0px;margin-top : 0px;padding-right : 0px;padding-bottom : 0px;margin-bottom : 0px;padding-left : 0px;}@media only screen and (max-width:1024px) {.fusion-body .fusion-flex-container.fusion-builder-row-1{ padding-top : 80px;padding-bottom : 80px;}}@media only screen and (max-width:480px) {.fusion-body .fusion-flex-container.fusion-builder-row-1{ padding-top : 30px;padding-bottom : 30px;}}<\/style><\/div><div class=\"fusion-fullwidth fullwidth-box fusion-builder-row-2 fusion-flex-container nonhundred-percent-fullwidth non-hundred-percent-height-scrolling\" style=\"background-color: rgba(255,255,255,0);background-position: center center;background-repeat: no-repeat;border-width: 0px 0px 0px 0px;border-color:#eae9e9;border-style:solid;\" ><div class=\"fusion-builder-row fusion-row fusion-flex-align-items-flex-start\" style=\"max-width:1320.8px;margin-left: calc(-4% \/ 2 );margin-right: calc(-4% \/ 2 );\"><div class=\"fusion-layout-column fusion_builder_column fusion-builder-column-4 fusion_builder_column_1_4 1_4 fusion-flex-column\"><div class=\"fusion-column-wrapper fusion-flex-justify-content-flex-start fusion-content-layout-column\" style=\"background-position:left top;background-repeat:no-repeat;-webkit-background-size:cover;-moz-background-size:cover;-o-background-size:cover;background-size:cover;padding: 0px 0px 0px 0px;\"><\/div><\/div><style type=\"text\/css\">.fusion-body .fusion-builder-column-4{width:25% !important;margin-top : 25px;margin-bottom : 25px;}.fusion-builder-column-4 > .fusion-column-wrapper {padding-top : 0px !important;padding-right : 0px !important;margin-right : 7.68%;padding-bottom : 0px !important;padding-left : 0px !important;margin-left : 7.68%;}@media only screen and (max-width:1024px) {.fusion-body .fusion-builder-column-4{width:100% !important;order : 0;}.fusion-builder-column-4 > .fusion-column-wrapper {margin-right : 1.92%;margin-left : 1.92%;}}@media only screen and (max-width:480px) {.fusion-body .fusion-builder-column-4{width:100% !important;order : 0;}.fusion-builder-column-4 > .fusion-column-wrapper {margin-right : 1.92%;margin-left : 1.92%;}}<\/style><div class=\"fusion-layout-column fusion_builder_column fusion-builder-column-5 fusion_builder_column_1_2 1_2 fusion-flex-column\"><div class=\"fusion-column-wrapper fusion-flex-justify-content-flex-start fusion-content-layout-column\" style=\"background-position:left top;background-repeat:no-repeat;-webkit-background-size:cover;-moz-background-size:cover;-o-background-size:cover;background-size:cover;padding: 0px 0px 0px 0px;\"><style type=\"text\/css\">@media only screen and (max-width:1024px) {.fusion-title.fusion-title-1{margin-top:8px!important;margin-bottom:16px!important;}}@media only screen and (max-width:480px) {.fusion-title.fusion-title-1{margin-top:8px!important;margin-bottom:16px!important;}}<\/style><div class=\"fusion-title title fusion-title-1 fusion-sep-none fusion-title-text fusion-title-size-one\" style=\"font-size:70px;margin-top:8px;margin-bottom:16px;\"><h1 class=\"title-heading-left\" style=\"font-family:&quot;Bodoni Moda&quot;;font-weight:400;margin:0;font-size:1em;\"><p style=\"text-align: center;\">Vertikale Systeme<\/p><\/h1><\/div><div class=\"fusion-separator fusion-full-width-sep\" style=\"align-self: center;margin-left: auto;margin-right: auto;margin-top:20px;margin-bottom:20px;width:100%;\"><\/div><div class=\"fusion-text fusion-text-1\" style=\"font-size:23px;\"><p style=\"text-align: center;\">St\u00e4ndige Innovation und Forschung und Entwicklung sind die Grundlage f\u00fcr fortschrittliche L\u00f6sungen, die unsere Systeme \u00fcberlegen machen, wie z. B. ein revolution\u00e4res vertikales System, das einen vollst\u00e4ndigen Schutz f\u00fcr Tuch und Motor bietet. Unsere hochqualifizierten Mitarbeiter und unser hochmoderner Maschinenpark gew\u00e4hrleisten absolute Personalisierung und P\u00fcnktlichkeit.<\/p>\n<\/div><div class=\"fusion-separator fusion-full-width-sep\" style=\"align-self: center;margin-left: auto;margin-right: auto;margin-top:20px;margin-bottom:20px;width:100%;\"><\/div><div class=\"fusion-text fusion-text-2\" style=\"font-size:23px;\"><p style=\"text-align: center;\">Wir sind in der Lage, ma\u00dfgeschneiderte L\u00f6sungen f\u00fcr jeden Bedarf zu bieten &#8211; auch f\u00fcr kleinere Mengen &#8211; und gleichzeitig eine p\u00fcnktliche Lieferung f\u00fcr jeden einzelnen Auftrag zu gew\u00e4hrleisten.<\/p>\n<\/div><div class=\"fusion-separator fusion-full-width-sep\" style=\"align-self: center;margin-left: auto;margin-right: auto;margin-top:20px;margin-bottom:20px;width:100%;\"><\/div><\/div><\/div><style type=\"text\/css\">.fusion-body .fusion-builder-column-5{width:50% !important;margin-top : 25px;margin-bottom : 25px;}.fusion-builder-column-5 > .fusion-column-wrapper {padding-top : 0px !important;padding-right : 0px !important;margin-right : 3.84%;padding-bottom : 0px !important;padding-left : 0px !important;margin-left : 3.84%;}@media only screen and (max-width:1024px) {.fusion-body .fusion-builder-column-5{width:100% !important;order : 0;}.fusion-builder-column-5 > .fusion-column-wrapper {margin-right : 1.92%;margin-left : 1.92%;}}@media only screen and (max-width:480px) {.fusion-body .fusion-builder-column-5{width:100% !important;order : 0;}.fusion-builder-column-5 > .fusion-column-wrapper {margin-right : 1.92%;margin-left : 1.92%;}}<\/style><div class=\"fusion-layout-column fusion_builder_column fusion-builder-column-6 fusion_builder_column_1_1 1_1 fusion-flex-column\"><div class=\"fusion-column-wrapper fusion-flex-justify-content-flex-start fusion-content-layout-column\" style=\"background-position:left top;background-repeat:no-repeat;-webkit-background-size:cover;-moz-background-size:cover;-o-background-size:cover;background-size:cover;padding: 0px 0px 0px 0px;\"><div class=\"fusion-separator fusion-full-width-sep\" style=\"align-self: center;margin-left: auto;margin-right: auto;width:100%;\"><\/div><\/div><\/div><style type=\"text\/css\">.fusion-body .fusion-builder-column-6{width:100% !important;margin-top : 25px;margin-bottom : 25px;}.fusion-builder-column-6 > .fusion-column-wrapper {padding-top : 0px !important;padding-right : 0px !important;margin-right : 1.92%;padding-bottom : 0px !important;padding-left : 0px !important;margin-left : 1.92%;}@media only screen and (max-width:1024px) {.fusion-body .fusion-builder-column-6{width:100% !important;order : 0;}.fusion-builder-column-6 > .fusion-column-wrapper {margin-right : 1.92%;margin-left : 1.92%;}}@media only screen and (max-width:480px) {.fusion-body .fusion-builder-column-6{width:100% !important;order : 0;}.fusion-builder-column-6 > .fusion-column-wrapper {margin-right : 1.92%;margin-left : 1.92%;}}<\/style><div class=\"fusion-layout-column fusion_builder_column fusion-builder-column-7 fusion_builder_column_1_1 1_1 fusion-flex-column\"><div class=\"fusion-column-wrapper fusion-flex-justify-content-flex-start fusion-content-layout-column\" style=\"background-position:left top;background-repeat:no-repeat;-webkit-background-size:cover;-moz-background-size:cover;-o-background-size:cover;background-size:cover;padding: 0px 0px 0px 0px;\"><div ><span class=\" fusion-imageframe imageframe-none imageframe-1 hover-type-none\" style=\"margin-top:5px;margin-bottom:10px;\"><a class=\"fusion-no-lightbox\" href=\"https:\/\/sevensun.design\/de\/calliope\/\" target=\"_self\" aria-label=\"prodotti-vertisun\"><img width=\"404\" height=\"463\" alt=\"prodotti-vertisun\" src=\"https:\/\/sevensun.design\/wp-content\/uploads\/2021\/01\/prodotti-vertisun.jpg\" class=\"img-responsive wp-image-6653\" srcset=\"https:\/\/sevensun.design\/wp-content\/uploads\/2021\/01\/prodotti-vertisun-200x229.jpg 200w, https:\/\/sevensun.design\/wp-content\/uploads\/2021\/01\/prodotti-vertisun-400x458.jpg 400w, https:\/\/sevensun.design\/wp-content\/uploads\/2021\/01\/prodotti-vertisun.jpg 404w\" sizes=\"(max-width: 1024px) 100vw, (max-width: 480px) 100vw, 404px\" \/><\/a><\/span><\/div><div class=\"fusion-separator fusion-full-width-sep\" style=\"align-self: center;margin-left: auto;margin-right: auto;margin-top:5px;margin-bottom:5px;width:100%;\"><\/div><div class=\"fusion-text fusion-text-3\" style=\"font-size:40px;font-family:&quot;Bodoni Moda&quot;;font-weight:400;\"><p>Calliope<\/p>\n<\/div><div class=\"fusion-text fusion-text-4\" style=\"font-size:18px;font-family:&quot;Open Sans&quot;;font-weight:400;\"><p>Ergonomie &amp; Funktionalit\u00e4t in Bestform<\/p>\n<\/div><div ><style type=\"text\/css\">.fusion-button.button-1 {border-radius:0px;}<\/style><a class=\"fusion-button button-flat fusion-button-default-size button-default button-1 fusion-button-default-span fusion-button-default-type\" target=\"_self\" href=\"https:\/\/sevensun.design\/de\/calliope\/\"><span class=\"fusion-button-text\">DISCOVER<\/span><\/a><\/div><\/div><\/div><style type=\"text\/css\">.fusion-body .fusion-builder-column-7{width:100% !important;margin-top : 25px;margin-bottom : 25px;}.fusion-builder-column-7 > .fusion-column-wrapper {padding-top : 0px !important;padding-right : 0px !important;margin-right : 1.92%;padding-bottom : 0px !important;padding-left : 0px !important;margin-left : 1.92%;}@media only screen and (max-width:1024px) {.fusion-body .fusion-builder-column-7{width:100% !important;order : 0;}.fusion-builder-column-7 > .fusion-column-wrapper {margin-right : 1.92%;margin-left : 1.92%;}}@media only screen and (max-width:480px) {.fusion-body .fusion-builder-column-7{width:100% !important;order : 0;}.fusion-builder-column-7 > .fusion-column-wrapper {margin-right : 1.92%;margin-left : 1.92%;}}<\/style><div class=\"fusion-layout-column fusion_builder_column fusion-builder-column-8 fusion_builder_column_1_1 1_1 fusion-flex-column\"><div class=\"fusion-column-wrapper fusion-flex-justify-content-flex-start fusion-content-layout-column\" style=\"background-position:left top;background-repeat:no-repeat;-webkit-background-size:cover;-moz-background-size:cover;-o-background-size:cover;background-size:cover;padding: 0px 0px 0px 0px;\"><div class=\"fusion-separator fusion-full-width-sep\" style=\"align-self: center;margin-left: auto;margin-right: auto;width:100%;\"><\/div><\/div><\/div><style type=\"text\/css\">.fusion-body .fusion-builder-column-8{width:100% !important;margin-top : 25px;margin-bottom : 25px;}.fusion-builder-column-8 > .fusion-column-wrapper {padding-top : 0px !important;padding-right : 0px !important;margin-right : 1.92%;padding-bottom : 0px !important;padding-left : 0px !important;margin-left : 1.92%;}@media only screen and (max-width:1024px) {.fusion-body .fusion-builder-column-8{width:100% !important;order : 0;}.fusion-builder-column-8 > .fusion-column-wrapper {margin-right : 1.92%;margin-left : 1.92%;}}@media only screen and (max-width:480px) {.fusion-body .fusion-builder-column-8{width:100% !important;order : 0;}.fusion-builder-column-8 > .fusion-column-wrapper {margin-right : 1.92%;margin-left : 1.92%;}}<\/style><\/div><style type=\"text\/css\">.fusion-body .fusion-flex-container.fusion-builder-row-2{ padding-top : 20px;margin-top : 0px;padding-right : 0px;padding-bottom : 20px;margin-bottom : 0px;padding-left : 0px;}<\/style><\/div><\/p>\n","protected":false},"excerpt":{"rendered":"","protected":false},"author":1,"featured_media":6741,"parent":0,"menu_order":0,"comment_status":"closed","ping_status":"closed","template":"100-width.php","meta":[],"yoast_head":"<!-- This site is optimized with the Yoast SEO plugin v16.0.2 - https:\/\/yoast.com\/wordpress\/plugins\/seo\/ -->\n<title>Vertikale Systeme | SEVENSUN<\/title>\n<meta name=\"description\" content=\"Vertikale Systeme, entwickelt von SEVEVSUN. Unser Forschungs- und Entwicklungsteam hat ein revolution\u00e4res Markisensystem entwickelt, das einen vollst\u00e4ndigen Schutz f\u00fcr Tuch und Motor bietet. Dank unseres hochqualifizierten Personals und unseres hochmodernen Maschinenparks k\u00f6nnen wir eine p\u00fcnktliche Lieferung f\u00fcr jede Bestellung gew\u00e4hrleisten. Wir bieten ma\u00dfgeschneiderte L\u00f6sungen f\u00fcr jeden Bedarf, auch f\u00fcr kleinere Produktmengen.\" \/>\n<meta name=\"robots\" content=\"index, follow, max-snippet:-1, max-image-preview:large, max-video-preview:-1\" \/>\n<link rel=\"canonical\" href=\"https:\/\/sevensun.design\/de\/vertical-systems\/\" \/>\n<meta property=\"og:locale\" content=\"de_DE\" \/>\n<meta property=\"og:type\" content=\"article\" \/>\n<meta property=\"og:title\" content=\"Vertikale Systeme | SEVENSUN\" \/>\n<meta property=\"og:description\" content=\"Vertikale Systeme, entwickelt von SEVEVSUN. Unser Forschungs- und Entwicklungsteam hat ein revolution\u00e4res Markisensystem entwickelt, das einen vollst\u00e4ndigen Schutz f\u00fcr Tuch und Motor bietet. Dank unseres hochqualifizierten Personals und unseres hochmodernen Maschinenparks k\u00f6nnen wir eine p\u00fcnktliche Lieferung f\u00fcr jede Bestellung gew\u00e4hrleisten. Wir bieten ma\u00dfgeschneiderte L\u00f6sungen f\u00fcr jeden Bedarf, auch f\u00fcr kleinere Produktmengen.\" \/>\n<meta property=\"og:url\" content=\"https:\/\/sevensun.design\/de\/vertical-systems\/\" \/>\n<meta property=\"og:site_name\" content=\"SEVENSUN\" \/>\n<meta property=\"article:publisher\" content=\"https:\/\/www.facebook.com\/7Sevensun\/\" \/>\n<meta property=\"article:modified_time\" content=\"2026-01-21T21:43:09+00:00\" \/>\n<meta property=\"og:image\" content=\"https:\/\/sevensun.design\/wp-content\/uploads\/2021\/01\/vertisun-1-scaled.jpg\" \/>\n\t<meta property=\"og:image:width\" content=\"2560\" \/>\n\t<meta property=\"og:image:height\" content=\"1963\" \/>\n<meta name=\"twitter:card\" content=\"summary_large_image\" \/>\n<meta name=\"twitter:label1\" content=\"Gesch\u00e4tzte Lesezeit\">\n\t<meta name=\"twitter:data1\" content=\"6\u00a0Minuten\">\n<script type=\"application\/ld+json\" class=\"yoast-schema-graph\">{\"@context\":\"https:\/\/schema.org\",\"@graph\":[{\"@type\":\"Organization\",\"@id\":\"https:\/\/sevensun.design\/#organization\",\"name\":\"SEVENSUN\",\"url\":\"https:\/\/sevensun.design\/\",\"sameAs\":[\"https:\/\/www.facebook.com\/7Sevensun\/\",\"https:\/\/www.linkedin.com\/in\/sevensun-design-b203351b1\/?originalSubdomain=gr\",\"https:\/\/www.youtube.com\/channel\/UCY9MdVEZzULA-0s7qnT_2nw\"],\"logo\":{\"@type\":\"ImageObject\",\"@id\":\"https:\/\/sevensun.design\/#logo\",\"inLanguage\":\"de\",\"url\":\"https:\/\/sevensun.design\/wp-content\/uploads\/2020\/09\/logo9.png\",\"width\":400,\"height\":55,\"caption\":\"SEVENSUN\"},\"image\":{\"@id\":\"https:\/\/sevensun.design\/#logo\"}},{\"@type\":\"WebSite\",\"@id\":\"https:\/\/sevensun.design\/#website\",\"url\":\"https:\/\/sevensun.design\/\",\"name\":\"SEVENSUN\",\"description\":\"100% Hellenic shade\",\"publisher\":{\"@id\":\"https:\/\/sevensun.design\/#organization\"},\"potentialAction\":[{\"@type\":\"SearchAction\",\"target\":\"https:\/\/sevensun.design\/?s={search_term_string}\",\"query-input\":\"required name=search_term_string\"}],\"inLanguage\":\"de\"},{\"@type\":\"ImageObject\",\"@id\":\"https:\/\/sevensun.design\/de\/vertical-systems\/#primaryimage\",\"inLanguage\":\"de\",\"url\":\"https:\/\/sevensun.design\/wp-content\/uploads\/2021\/01\/vertisun-1-scaled.jpg\",\"width\":2560,\"height\":1963,\"caption\":\"vertisun-1\"},{\"@type\":\"WebPage\",\"@id\":\"https:\/\/sevensun.design\/de\/vertical-systems\/#webpage\",\"url\":\"https:\/\/sevensun.design\/de\/vertical-systems\/\",\"name\":\"Vertikale Systeme | SEVENSUN\",\"isPartOf\":{\"@id\":\"https:\/\/sevensun.design\/#website\"},\"primaryImageOfPage\":{\"@id\":\"https:\/\/sevensun.design\/de\/vertical-systems\/#primaryimage\"},\"datePublished\":\"2024-07-26T07:27:49+00:00\",\"dateModified\":\"2026-01-21T21:43:09+00:00\",\"description\":\"Vertikale Systeme, entwickelt von SEVEVSUN. Unser Forschungs- und Entwicklungsteam hat ein revolution\\u00e4res Markisensystem entwickelt, das einen vollst\\u00e4ndigen Schutz f\\u00fcr Tuch und Motor bietet. Dank unseres hochqualifizierten Personals und unseres hochmodernen Maschinenparks k\\u00f6nnen wir eine p\\u00fcnktliche Lieferung f\\u00fcr jede Bestellung gew\\u00e4hrleisten. Wir bieten ma\\u00dfgeschneiderte L\\u00f6sungen f\\u00fcr jeden Bedarf, auch f\\u00fcr kleinere Produktmengen.\",\"breadcrumb\":{\"@id\":\"https:\/\/sevensun.design\/de\/vertical-systems\/#breadcrumb\"},\"inLanguage\":\"de\",\"potentialAction\":[{\"@type\":\"ReadAction\",\"target\":[\"https:\/\/sevensun.design\/de\/vertical-systems\/\"]}]},{\"@type\":\"BreadcrumbList\",\"@id\":\"https:\/\/sevensun.design\/de\/vertical-systems\/#breadcrumb\",\"itemListElement\":[{\"@type\":\"ListItem\",\"position\":1,\"item\":{\"@type\":\"WebPage\",\"@id\":\"https:\/\/sevensun.design\/de\/\",\"url\":\"https:\/\/sevensun.design\/de\/\",\"name\":\"Home\"}},{\"@type\":\"ListItem\",\"position\":2,\"item\":{\"@type\":\"WebPage\",\"@id\":\"https:\/\/sevensun.design\/de\/vertical-systems\/\",\"url\":\"https:\/\/sevensun.design\/de\/vertical-systems\/\",\"name\":\"Vertikale Systeme\"}}]}]}<\/script>\n<!-- \/ Yoast SEO plugin. -->","_links":{"self":[{"href":"https:\/\/sevensun.design\/de\/wp-json\/wp\/v2\/pages\/7354"}],"collection":[{"href":"https:\/\/sevensun.design\/de\/wp-json\/wp\/v2\/pages"}],"about":[{"href":"https:\/\/sevensun.design\/de\/wp-json\/wp\/v2\/types\/page"}],"author":[{"embeddable":true,"href":"https:\/\/sevensun.design\/de\/wp-json\/wp\/v2\/users\/1"}],"replies":[{"embeddable":true,"href":"https:\/\/sevensun.design\/de\/wp-json\/wp\/v2\/comments?post=7354"}],"version-history":[{"count":5,"href":"https:\/\/sevensun.design\/de\/wp-json\/wp\/v2\/pages\/7354\/revisions"}],"predecessor-version":[{"id":8529,"href":"https:\/\/sevensun.design\/de\/wp-json\/wp\/v2\/pages\/7354\/revisions\/8529"}],"wp:featuredmedia":[{"embeddable":true,"href":"https:\/\/sevensun.design\/de\/wp-json\/wp\/v2\/media\/6741"}],"wp:attachment":[{"href":"https:\/\/sevensun.design\/de\/wp-json\/wp\/v2\/media?parent=7354"}],"curies":[{"name":"wp","href":"https:\/\/api.w.org\/{rel}","templated":true}]}}