{"id":6951,"date":"2021-02-22T09:43:05","date_gmt":"2021-02-22T09:43:05","guid":{"rendered":"https:\/\/sevensun.design\/privacy-policy\/"},"modified":"2024-04-19T06:48:10","modified_gmt":"2024-04-19T06:48:10","slug":"privacy-policy","status":"publish","type":"page","link":"https:\/\/sevensun.design\/de\/privacy-policy\/","title":{"rendered":"Privacy policy"},"content":{"rendered":"<h1>Datenschutzbestimmungen<\/h1>\n<p>Zuletzt aktualisiert: 22. Februar 2021<\/p>\n<p>Diese Datenschutzrichtlinie beschreibt unsere Richtlinien und Verfahren zur Erfassung, Verwendung und Offenlegung Ihrer Daten, wenn Sie den Dienst nutzen, und informiert Sie \u00fcber Ihre Datenschutzrechte und wie das Gesetz Sie sch\u00fctzt.<\/p>\n<p>Wir verwenden Ihre pers\u00f6nlichen Daten zur Bereitstellung und Verbesserung des Dienstes. Durch die Nutzung des Dienstes erkl\u00e4ren Sie sich mit der Erfassung und Nutzung von Informationen gem\u00e4\u00df dieser Datenschutzrichtlinie einverstanden. Diese Datenschutzrichtlinie wurde mit Hilfe des <a href=\"https:\/\/www.freeprivacypolicy.com\/free-privacy-policy-generator\/\" target=\"_blank\" rel=\"noopener\">Datenschutzrichtlinien-Generators<\/a> erstellt.<\/p>\n<h1>Auslegung und Definitionen<\/h1>\n<h2>Auslegung<\/h2>\n<p>Die W\u00f6rter, deren Anfangsbuchstaben gro\u00df geschrieben sind, haben die unter den nachstehenden Bedingungen definierte Bedeutung. Die folgenden Definitionen haben dieselbe Bedeutung, unabh\u00e4ngig davon, ob sie im Singular oder im Plural stehen.<\/p>\n<h2>Definitionen<\/h2>\n<p>F\u00fcr die Zwecke dieser Datenschutzrichtlinie:<\/p>\n<ul>\n<li><strong>Konto<\/strong> bezeichnet ein einzigartiges Konto, das f\u00fcr Sie erstellt wurde, um auf unseren Service oder Teile unseres Service zuzugreifen.<\/li>\n<li><strong>Unternehmen<\/strong> (in dieser Vereinbarung entweder als &#8222;das Unternehmen&#8220;, &#8222;wir&#8220;, &#8222;uns&#8220; oder &#8222;unser&#8220; bezeichnet) bezieht sich auf sevensun, 42 Katsimpa Str. PC 17342 Agios Dimitrios, Attika, Griechenland.<\/li>\n<li><strong>Cookies<\/strong> sind kleine Dateien, die von einer Website auf Ihrem Computer, Ihrem Mobilger\u00e4t oder einem anderen Ger\u00e4t gespeichert werden und die unter anderem Angaben zu Ihrem Surfverhalten auf dieser Website enthalten.<\/li>\n<li><strong>Land<\/strong> bezieht sich auf: Griechenland<\/li>\n<li><strong>Ger\u00e4t<\/strong> bezeichnet jedes Ger\u00e4t, das auf die Dienstleistung zugreifen kann, wie z. B. ein Computer, ein Mobiltelefon oder ein digitales Tablet.<\/li>\n<li><strong>Personenbezogene Daten<\/strong> sind alle Informationen, die sich auf eine identifizierte oder identifizierbare Person beziehen.<\/li>\n<li><strong>Dienstleistung<\/strong> bezieht sich auf die Website.<\/li>\n<li><strong>Dienstleister<\/strong> bezeichnet jede nat\u00fcrliche oder juristische Person, die die Daten im Auftrag des Unternehmens verarbeitet. Er bezieht sich auf Drittunternehmen oder Einzelpersonen, die vom Unternehmen angestellt sind, um den Dienst zu erleichtern, den Dienst im Namen des Unternehmens bereitzustellen, Dienstleistungen im Zusammenhang mit dem Dienst zu erbringen oder das Unternehmen bei der Analyse der Nutzung des Dienstes zu unterst\u00fctzen.<\/li>\n<li><strong>Sozialer Medienservice von Dritten<\/strong> bezieht sich auf jede Website oder jede Website eines sozialen Netzwerks, \u00fcber die sich ein Nutzer anmelden oder ein Konto erstellen kann, um den Service zu nutzen.<\/li>\n<li><strong>Nutzungsdaten<\/strong> bezieht sich auf automatisch erfasste Daten, die entweder durch die Nutzung des Service oder von der Infrastruktur des Service selbst erzeugt werden (z.B. die Dauer eines Seitenbesuchs).<\/li>\n<li><strong>Website<\/strong> bezieht sich auf sevensun, erreichbar \u00fcber <a href=\"https:\/\/sevensun.design\/\" target=\"_blank\" rel=\"external nofollow noopener\">https:\/\/sevensun.design\/<\/a><\/li>\n<li><strong>Sie<\/strong> bezeichnet die Einzelperson, die auf den Service zugreift oder ihn nutzt, oder das Unternehmen oder eine andere juristische Person, in deren Namen eine solche Einzelperson auf den Service zugreift oder ihn nutzt.<\/li>\n<\/ul>\n<h1>Erhebung und Verwendung Ihrer pers\u00f6nlichen Daten<\/h1>\n<h2>Arten der gesammelten Daten<\/h2>\n<h3>Personenbezogene Daten<\/h3>\n<p>Bei der Nutzung unseres Dienstes k\u00f6nnen wir Sie bitten, uns bestimmte personenbezogene Daten zur Verf\u00fcgung zu stellen, die dazu verwendet werden k\u00f6nnen, Sie zu kontaktieren oder zu identifizieren. Pers\u00f6nlich identifizierbare Informationen k\u00f6nnen unter anderem sein<\/p>\n<ul>\n<li>E-Mail-Adresse<\/li>\n<li>Vorname und Nachname<\/li>\n<li>Telefonnummer<\/li>\n<li>Nutzungsdaten<\/li>\n<\/ul>\n<h3>Nutzungsdaten<\/h3>\n<p>Nutzungsdaten werden bei der Nutzung des Dienstes automatisch erfasst.<\/p>\n<p>Zu den Nutzungsdaten k\u00f6nnen Informationen wie die Internetprotokolladresse Ihres Ger\u00e4ts (z. B. IP-Adresse), der Browsertyp, die Browserversion, die von Ihnen besuchten Seiten unseres Dienstes, die Uhrzeit und das Datum Ihres Besuchs, die auf diesen Seiten verbrachte Zeit, eindeutige Ger\u00e4tekennungen und andere Diagnosedaten geh\u00f6ren.<\/p>\n<p>Wenn Sie \u00fcber ein mobiles Ger\u00e4t auf den Dienst zugreifen, k\u00f6nnen wir bestimmte Informationen automatisch erfassen, einschlie\u00dflich, aber nicht beschr\u00e4nkt auf die Art des von Ihnen verwendeten mobilen Ger\u00e4ts, die eindeutige ID Ihres mobilen Ger\u00e4ts, die IP-Adresse Ihres mobilen Ger\u00e4ts, Ihr mobiles Betriebssystem, die Art des von Ihnen verwendeten mobilen Internetbrowsers, eindeutige Ger\u00e4tekennungen und andere Diagnosedaten.<\/p>\n<p>Wir k\u00f6nnen auch Informationen erfassen, die Ihr Browser sendet, wenn Sie unseren Dienst besuchen oder wenn Sie \u00fcber ein mobiles Ger\u00e4t auf den Dienst zugreifen.<\/p>\n<h3>Verfolgungstechnologien und Cookies<\/h3>\n<p>Wir verwenden Cookies und \u00e4hnliche Tracking-Technologien, um die Aktivit\u00e4ten in unserem Dienst zu verfolgen und bestimmte Informationen zu speichern. Bei den verwendeten Tracking-Technologien handelt es sich um Beacons, Tags und Skripte zur Erfassung und Verfolgung von Informationen sowie zur Verbesserung und Analyse unseres Dienstes. Zu den von uns verwendeten Technologien k\u00f6nnen geh\u00f6ren:<\/p>\n<ul>\n<li><strong>Cookies oder Browser Cookies.<\/strong> Ein Cookie ist eine kleine Datei, die auf Ihrem Ger\u00e4t gespeichert wird. Sie k\u00f6nnen Ihren Browser anweisen, alle Cookies abzulehnen oder anzuzeigen, wenn ein Cookie gesendet wird. Wenn Sie jedoch keine Cookies akzeptieren, k\u00f6nnen Sie m\u00f6glicherweise einige Teile unseres Dienstes nicht nutzen. Sofern Sie Ihren Browser nicht so eingestellt haben, dass er Cookies ablehnt, kann unser Dienst Cookies verwenden.<\/li>\n<li><strong>Flash Cookies.<\/strong> Bestimmte Funktionen unseres Service k\u00f6nnen lokal gespeicherte Objekte (oder Flash Cookies) verwenden, um Informationen \u00fcber Ihre Pr\u00e4ferenzen oder Ihre Aktivit\u00e4ten auf unserem Service zu sammeln und zu speichern. Flash-Cookies werden nicht \u00fcber dieselben Browser-Einstellungen verwaltet wie die Browser-Cookies. Weitere Informationen dar\u00fcber, wie Sie Flash-Cookies l\u00f6schen k\u00f6nnen, finden Sie unter <a href=\"https:\/\/helpx.adobe.com\/flash-player\/kb\/disable-local-shared-objects-flash.html#main_Where_can_I_change_the_settings_for_disabling__or_deleting_local_shared_objects_\" target=\"_blank\" rel=\"external nofollow noopener\">https:\/\/helpx.adobe.com\/flash-player\/kb\/disable-local-shared-objects-flash.html#main_Where_can_I_change_the_settings_for_disabling__or_deleting_local_shared_objects_<\/a><\/li>\n<p> &#8222;Wo kann ich die Einstellungen zur Deaktivierung oder L\u00f6schung von lokal gespeicherten Objekten \u00e4ndern?<\/p>\n<li><strong>Web Beacons.<\/strong> Bestimmte Bereiche unseres Services und unserer E-Mails k\u00f6nnen kleine elektronische Dateien enthalten, die als Web Beacons (auch als Clear Gifs, Pixel Tags und Single-Pixel Gifs bezeichnet) bekannt sind und die es dem Unternehmen beispielsweise erm\u00f6glichen, die Nutzer zu z\u00e4hlen, die diese Seiten besucht oder eine E-Mail ge\u00f6ffnet haben, sowie andere damit zusammenh\u00e4ngende Website-Statistiken zu erstellen (z. B. Aufzeichnung der Beliebtheit eines bestimmten Bereichs und \u00dcberpr\u00fcfung der System- und Serverintegrit\u00e4t).<\/li>\n<\/ul>\n<p>Cookies k\u00f6nnen &#8222;dauerhafte&#8220; oder &#8222;Sitzungs&#8220;-Cookies sein. Dauerhafte Cookies verbleiben auf Ihrem Computer oder Mobilger\u00e4t, wenn Sie offline gehen, w\u00e4hrend Sitzungscookies gel\u00f6scht werden, sobald Sie Ihren Webbrowser schlie\u00dfen. Erfahren Sie mehr \u00fcber Cookies: <a href=\"https:\/\/www.freeprivacypolicy.com\/blog\/cookies\/\" target=\"_blank\" rel=\"noopener\">Cookies: What Do They Do?<\/a>.<\/p>\n<p>Wir verwenden sowohl Sitzungscookies als auch dauerhafte Cookies f\u00fcr die unten genannten Zwecke:<\/p>\n<ul>\n<li><strong>Notwendige \/ wesentliche Cookies<\/strong>\n<p>Typ: Sitzungs-Cookies<\/p>\n<p>Verwaltet von: Uns<\/p>\n<p>Zweck: Diese Cookies sind unerl\u00e4sslich, um Ihnen die \u00fcber die Website verf\u00fcgbaren Dienste zur Verf\u00fcgung zu stellen und Ihnen die Nutzung einiger ihrer Funktionen zu erm\u00f6glichen. Sie helfen bei der Authentifizierung von Benutzern und verhindern die betr\u00fcgerische Nutzung von Benutzerkonten. Ohne diese Cookies k\u00f6nnen die von Ihnen angeforderten Dienste nicht bereitgestellt werden, und wir verwenden diese Cookies nur, um Ihnen diese Dienste zur Verf\u00fcgung zu stellen.<\/li>\n<li><strong>Cookie-Richtlinie \/ Hinweis Akzeptanz-Cookies<\/strong>\n<p>Typ: Dauerhafte Cookies<\/p>\n<p>Verwaltet von: Uns<\/p>\n<p>Zweck: Diese Cookies identifizieren, ob Benutzer die Verwendung von Cookies auf der Website akzeptiert haben.<\/li>\n<li><strong>Funktionalit\u00e4ts-Cookies<\/strong>\n<p>Typ: Dauerhafte Cookies<\/p>\n<p>Verwaltet von: Uns<\/p>\n<p>Zweck: Diese Cookies erm\u00f6glichen es uns, die von Ihnen bei der Nutzung der Website getroffenen Entscheidungen zu speichern, z. B. Ihre Anmeldedaten oder Ihre Spracheinstellung. Der Zweck dieser Cookies ist es, Ihnen eine pers\u00f6nlichere Erfahrung zu bieten und zu vermeiden, dass Sie Ihre Pr\u00e4ferenzen jedes Mal neu eingeben m\u00fcssen, wenn Sie die Website nutzen.<\/li>\n<\/ul>\n<p>Weitere Informationen \u00fcber die von uns verwendeten Cookies und Ihre Wahlm\u00f6glichkeiten in Bezug auf Cookies finden Sie in unserer Cookie-Richtlinie oder im Abschnitt Cookies unserer Datenschutzrichtlinie.<\/p>\n<h2>Verwendung Ihrer pers\u00f6nlichen Daten<\/h2>\n<p>Das Unternehmen kann personenbezogene Daten f\u00fcr die folgenden Zwecke verwenden:<\/p>\n<ul>\n<li><strong>Zur Bereitstellung und Aufrechterhaltung unserer Dienstleistung<\/strong>, einschlie\u00dflich der \u00dcberwachung der Nutzung unserer Dienstleistung.<\/li>\n<li><strong>Um Ihr Konto zu verwalten:<\/strong>, um Ihre Registrierung als Nutzer der Dienstleistung zu verwalten. Die von Ihnen bereitgestellten personenbezogenen Daten k\u00f6nnen Ihnen Zugang zu verschiedenen Funktionen des Dienstes verschaffen, die Ihnen als registriertem Nutzer zur Verf\u00fcgung stehen.<\/li>\n<li><strong>Zur Vertragserf\u00fcllung:<\/strong> Die Entwicklung, Einhaltung und Durchf\u00fchrung des Kaufvertrags f\u00fcr die Produkte, Artikel oder Dienstleistungen, die Sie gekauft haben, oder eines anderen Vertrags mit uns \u00fcber den Service.<\/li>\n<li><strong>Um mit Ihnen in Kontakt zu treten:<\/strong> Um Sie per E-Mail, Telefonanrufe, SMS oder andere gleichwertige Formen der elektronischen Kommunikation zu kontaktieren, wie z.B. Push-Benachrichtigungen einer mobilen Anwendung in Bezug auf Aktualisierungen oder informative Mitteilungen im Zusammenhang mit den Funktionen, Produkten oder vertraglich vereinbarten Dienstleistungen, einschlie\u00dflich der Sicherheitsupdates, wenn dies f\u00fcr ihre Durchf\u00fchrung notwendig oder angemessen ist.<\/li>\n<li><strong>Um Sie<\/strong> mit Neuigkeiten, Sonderangeboten und allgemeinen Informationen \u00fcber andere Waren, Dienstleistungen und Veranstaltungen zu versorgen, die wir anbieten und die denen \u00e4hnlich sind, die Sie bereits gekauft oder angefragt haben, es sei denn, Sie haben sich daf\u00fcr entschieden, solche Informationen nicht zu erhalten.<\/li>\n<li><strong>Um Ihre Anfragen zu bearbeiten:<\/strong> Um Ihre Anfragen an uns zu bearbeiten und zu verwalten.<\/li>\n<li><strong>F\u00fcr Gesch\u00e4fts\u00fcbertragungen:<\/strong> Wir k\u00f6nnen Ihre Daten verwenden, um eine Fusion, Ver\u00e4u\u00dferung, Umstrukturierung, Reorganisation, Aufl\u00f6sung oder einen anderen Verkauf oder eine \u00dcbertragung einiger oder aller unserer Verm\u00f6genswerte zu bewerten oder durchzuf\u00fchren, sei es als laufender Betrieb oder als Teil eines Konkurses, einer Liquidation oder eines \u00e4hnlichen Verfahrens, bei dem pers\u00f6nliche Daten, die wir \u00fcber unsere Dienstleistungsnutzer besitzen, zu den \u00fcbertragenen Verm\u00f6genswerten geh\u00f6ren.<\/li>\n<li><strong>F\u00fcr andere Zwecke<\/strong>: Wir k\u00f6nnen Ihre Daten f\u00fcr andere Zwecke verwenden, wie z. B. zur Datenanalyse, zur Ermittlung von Nutzungstrends, zur Bestimmung der Wirksamkeit unserer Werbekampagnen und zur Bewertung und Verbesserung unseres Dienstes, unserer Produkte, Dienstleistungen, unseres Marketings und Ihrer Erfahrungen.<\/li>\n<\/ul>\n<p>Wir k\u00f6nnen Ihre personenbezogenen Daten in den folgenden Situationen weitergeben:<\/p>\n<ul>\n<li><strong>Mit Dienstanbietern:<\/strong> Wir k\u00f6nnen Ihre personenbezogenen Daten an Dienstanbieter weitergeben, um die Nutzung unseres Dienstes zu \u00fcberwachen und zu analysieren und um Sie zu kontaktieren.<\/li>\n<li><strong>F\u00fcr Gesch\u00e4fts\u00fcbertragungen:<\/strong> Wir k\u00f6nnen Ihre personenbezogenen Daten in Verbindung mit oder w\u00e4hrend der Verhandlungen \u00fcber eine Fusion, den Verkauf von Unternehmensverm\u00f6gen, eine Finanzierung oder die \u00dcbernahme unseres gesamten oder eines Teils unseres Unternehmens durch ein anderes Unternehmen weitergeben oder \u00fcbertragen.<\/li>\n<li><strong>Mit verbundenen Unternehmen:<\/strong> Wir k\u00f6nnen Ihre Daten an unsere verbundenen Unternehmen weitergeben; in diesem Fall verpflichten wir diese verbundenen Unternehmen, diese Datenschutzrichtlinie einzuhalten. Zu den verbundenen Unternehmen geh\u00f6ren unsere Muttergesellschaft und alle anderen Tochtergesellschaften, Joint-Venture-Partner oder andere Unternehmen, die wir kontrollieren oder die unter gemeinsamer Kontrolle mit uns stehen.<\/li>\n<li><strong>Mit Gesch\u00e4ftspartnern:<\/strong> Wir k\u00f6nnen Ihre Daten an unsere Gesch\u00e4ftspartner weitergeben, um Ihnen bestimmte Produkte, Dienstleistungen oder Werbeaktionen anzubieten.<\/li>\n<li><strong>Mit anderen Nutzern:<\/strong> Wenn Sie pers\u00f6nliche Informationen weitergeben oder auf andere Weise in den \u00f6ffentlichen Bereichen mit anderen Nutzern interagieren, k\u00f6nnen diese Informationen von allen Nutzern eingesehen und \u00f6ffentlich nach au\u00dfen verbreitet werden. Wenn Sie mit anderen Nutzern interagieren oder sich \u00fcber einen Social-Media-Dienst eines Dritten registrieren, k\u00f6nnen Ihre Kontakte im Social-Media-Dienst eines Dritten Ihren Namen, Ihr Profil, Ihre Bilder und die Beschreibung Ihrer Aktivit\u00e4ten sehen. In \u00e4hnlicher Weise k\u00f6nnen andere Nutzer Beschreibungen Ihrer Aktivit\u00e4ten einsehen, mit Ihnen kommunizieren und Ihr Profil einsehen.<\/li>\n<li><strong>Mit Ihrer Zustimmung<\/strong>: Wir k\u00f6nnen Ihre personenbezogenen Daten mit Ihrer Zustimmung f\u00fcr andere Zwecke offenlegen.<\/li>\n<\/ul>\n<h2>Aufbewahrung Ihrer pers\u00f6nlichen Daten<\/h2>\n<p>Das Unternehmen wird Ihre pers\u00f6nlichen Daten nur so lange aufbewahren, wie es f\u00fcr die in dieser Datenschutzrichtlinie genannten Zwecke erforderlich ist. Wir werden Ihre personenbezogenen Daten in dem Umfang aufbewahren und verwenden, der erforderlich ist, um unseren rechtlichen Verpflichtungen nachzukommen (z. B. wenn wir Ihre Daten aufbewahren m\u00fcssen, um geltende Gesetze einzuhalten), Streitigkeiten beizulegen und unsere rechtlichen Vereinbarungen und Richtlinien durchzusetzen.<\/p>\n<p>Das Unternehmen speichert auch Nutzungsdaten f\u00fcr interne Analysezwecke. Nutzungsdaten werden im Allgemeinen f\u00fcr einen k\u00fcrzeren Zeitraum aufbewahrt, es sei denn, diese Daten werden verwendet, um die Sicherheit oder die Funktionalit\u00e4t unseres Dienstes zu verbessern, oder wir sind gesetzlich verpflichtet, diese Daten f\u00fcr l\u00e4ngere Zeitr\u00e4ume aufzubewahren.<\/p>\n<h2>Weitergabe Ihrer pers\u00f6nlichen Daten<\/h2>\n<p>Ihre Informationen, einschlie\u00dflich personenbezogener Daten, werden in den Betriebsb\u00fcros des Unternehmens und an allen anderen Orten verarbeitet, an denen die an der Verarbeitung beteiligten Parteien ans\u00e4ssig sind. Das bedeutet, dass diese Daten an Computer au\u00dferhalb Ihres Staates, Ihrer Provinz, Ihres Landes oder einer anderen staatlichen Gerichtsbarkeit, in der andere Datenschutzgesetze als in Ihrer Gerichtsbarkeit gelten, \u00fcbertragen und dort gespeichert werden k\u00f6nnen.<\/p>\n<p>Mit Ihrer Zustimmung zu dieser Datenschutzrichtlinie und der anschlie\u00dfenden \u00dcbermittlung dieser Daten erkl\u00e4ren Sie sich mit dieser \u00dcbertragung einverstanden.<\/p>\n<p>Das Unternehmen ergreift alle angemessenen Ma\u00dfnahmen, um sicherzustellen, dass Ihre Daten sicher und in \u00dcbereinstimmung mit dieser Datenschutzrichtlinie behandelt werden, und es findet keine \u00dcbermittlung Ihrer pers\u00f6nlichen Daten an eine Organisation oder ein Land statt, es sei denn, es sind angemessene Kontrollen vorhanden, die die Sicherheit Ihrer Daten und anderer pers\u00f6nlicher Informationen gew\u00e4hrleisten.<\/p>\n<h2>Weitergabe Ihrer pers\u00f6nlichen Daten<\/h2>\n<h3>Gesch\u00e4ftstransaktionen<\/h3>\n<p>Wenn das Unternehmen an einer Fusion, einer \u00dcbernahme oder einem Verkauf von Verm\u00f6genswerten beteiligt ist, k\u00f6nnen Ihre pers\u00f6nlichen Daten \u00fcbertragen werden. Wir werden Sie dar\u00fcber informieren, bevor Ihre pers\u00f6nlichen Daten \u00fcbertragen werden und einer anderen Datenschutzrichtlinie unterliegen.<\/p>\n<h3>Gesetzesdurchsetzung<\/h3>\n<p>Unter bestimmten Umst\u00e4nden kann das Unternehmen verpflichtet sein, Ihre pers\u00f6nlichen Daten offenzulegen, wenn dies gesetzlich vorgeschrieben ist oder als Reaktion auf berechtigte Anfragen von Beh\u00f6rden (z. B. einem Gericht oder einer Regierungsbeh\u00f6rde).<\/p>\n<h3>Andere rechtliche Anforderungen<\/h3>\n<p>Das Unternehmen kann Ihre pers\u00f6nlichen Daten in gutem Glauben offenlegen, dass eine solche Ma\u00dfnahme notwendig ist, um:<\/p>\n<ul>\n<li>Eine gesetzliche Verpflichtung zu erf\u00fcllen<\/li>\n<li>Schutz und Verteidigung der Rechte oder des Eigentums des Unternehmens<\/li>\n<li>Vorbeugung oder Untersuchung von m\u00f6glichem Fehlverhalten im Zusammenhang mit dem Dienst<\/li>\n<li>Die pers\u00f6nliche Sicherheit der Nutzer des Dienstes oder der \u00d6ffentlichkeit zu sch\u00fctzen<\/li>\n<li>Schutz vor rechtlicher Haftung<\/li>\n<\/ul>\n<h2>Sicherheit Ihrer pers\u00f6nlichen Daten<\/h2>\n<p>Die Sicherheit Ihrer pers\u00f6nlichen Daten ist uns wichtig, aber denken Sie daran, dass keine Methode der \u00dcbertragung \u00fcber das Internet oder der elektronischen Speicherung 100% sicher ist. Obwohl wir uns bem\u00fchen, Ihre pers\u00f6nlichen Daten mit kommerziell akzeptablen Mitteln zu sch\u00fctzen, k\u00f6nnen wir keine absolute Sicherheit garantieren.<\/p>\n<h1>Datenschutz f\u00fcr Kinder<\/h1>\n<p>Unser Service richtet sich nicht an Personen unter 13 Jahren. Wir sammeln nicht wissentlich personenbezogene Daten von Personen unter 13 Jahren. Wenn Sie ein Elternteil oder Erziehungsberechtigter sind und wissen, dass Ihr Kind uns personenbezogene Daten zur Verf\u00fcgung gestellt hat, kontaktieren Sie uns bitte. Wenn wir feststellen, dass wir personenbezogene Daten von Personen unter 13 Jahren ohne \u00dcberpr\u00fcfung der elterlichen Zustimmung erfasst haben, ergreifen wir Ma\u00dfnahmen, um diese Daten von unseren Servern zu entfernen.<\/p>\n<p>Wenn wir uns auf die Zustimmung als Rechtsgrundlage f\u00fcr die Verarbeitung Ihrer Daten st\u00fctzen m\u00fcssen und Ihr Land die Zustimmung eines Elternteils erfordert, k\u00f6nnen wir die Zustimmung Ihres Elternteils verlangen, bevor wir diese Daten erfassen und verwenden.<\/p>\n<h1>Links zu anderen Websites<\/h1>\n<p>Unser Service kann Links zu anderen Websites enthalten, die nicht von uns betrieben werden. Wenn Sie auf einen Link einer dritten Partei klicken, werden Sie auf die Seite dieser dritten Partei weitergeleitet. Wir empfehlen Ihnen dringend, die Datenschutzrichtlinien jeder von Ihnen besuchten Website zu lesen.<\/p>\n<p>Wir haben keine Kontrolle \u00fcber und \u00fcbernehmen keine Verantwortung f\u00fcr den Inhalt, die Datenschutzrichtlinien oder Praktiken von Websites oder Diensten Dritter.<\/p>\n<h1>\u00c4nderungen an dieser Datenschutzrichtlinie<\/h1>\n<p>Wir k\u00f6nnen unsere Datenschutzrichtlinie von Zeit zu Zeit aktualisieren. Wir werden Sie \u00fcber alle \u00c4nderungen informieren, indem wir die neue Datenschutzrichtlinie auf dieser Seite ver\u00f6ffentlichen.<\/p>\n<p>Wir informieren Sie per E-Mail und\/oder durch einen auff\u00e4lligen Hinweis in unserem Service, bevor die \u00c4nderung in Kraft tritt, und aktualisieren das Datum der letzten Aktualisierung&#8220; oben in dieser Datenschutzrichtlinie.<\/p>\n<p>Wir empfehlen Ihnen, diese Datenschutzrichtlinie regelm\u00e4\u00dfig auf \u00c4nderungen zu \u00fcberpr\u00fcfen. \u00c4nderungen an dieser Datenschutzrichtlinie treten in Kraft, wenn sie auf dieser Seite ver\u00f6ffentlicht werden.<\/p>\n<h1>Kontaktieren Sie uns<\/h1>\n<p>Wenn Sie Fragen zu dieser Datenschutzrichtlinie haben, k\u00f6nnen Sie uns kontaktieren:<\/p>\n<ul>\n<li>Durch E-Mail: sales@sevensun.design<\/li>\n<li>Indem Sie diese Seite auf unserer Website besuchen: <a href=\"https:\/\/sevensun.design\/contact\/\" target=\"_blank\" rel=\"external nofollow noopener\">https:\/\/sevensun.design\/contact\/<\/a><\/li>\n<li>Telefonisch unter: +30 2109904030<\/li>\n<\/ul>\n","protected":false},"excerpt":{"rendered":"<p>Datenschutzbestimmungen Zuletzt aktualisiert: 22. Februar 2021 Diese Datenschutzrichtlinie beschreibt unsere Richtlinien und [&hellip;]<\/p>\n","protected":false},"author":1,"featured_media":0,"parent":0,"menu_order":0,"comment_status":"closed","ping_status":"closed","template":"","meta":[],"yoast_head":"<!-- This site is optimized with the Yoast SEO plugin v16.0.2 - https:\/\/yoast.com\/wordpress\/plugins\/seo\/ -->\n<title>Datenschutzerkl\u00e4rung | SEVENSUN<\/title>\n<meta name=\"robots\" content=\"index, follow, max-snippet:-1, max-image-preview:large, max-video-preview:-1\" \/>\n<link rel=\"canonical\" href=\"https:\/\/sevensun.design\/de\/privacy-policy\/\" \/>\n<meta property=\"og:locale\" content=\"de_DE\" \/>\n<meta property=\"og:type\" content=\"article\" \/>\n<meta property=\"og:title\" content=\"Datenschutzerkl\u00e4rung | SEVENSUN\" \/>\n<meta property=\"og:description\" content=\"Datenschutzbestimmungen Zuletzt aktualisiert: 22. Februar 2021 Diese Datenschutzrichtlinie beschreibt unsere Richtlinien und [&hellip;]\" \/>\n<meta property=\"og:url\" content=\"https:\/\/sevensun.design\/de\/privacy-policy\/\" \/>\n<meta property=\"og:site_name\" content=\"SEVENSUN\" \/>\n<meta property=\"article:publisher\" content=\"https:\/\/www.facebook.com\/7Sevensun\/\" \/>\n<meta property=\"article:modified_time\" content=\"2024-04-19T06:48:10+00:00\" \/>\n<meta name=\"twitter:card\" content=\"summary_large_image\" \/>\n<meta name=\"twitter:label1\" content=\"Gesch\u00e4tzte Lesezeit\">\n\t<meta name=\"twitter:data1\" content=\"13\u00a0Minuten\">\n<script type=\"application\/ld+json\" class=\"yoast-schema-graph\">{\"@context\":\"https:\/\/schema.org\",\"@graph\":[{\"@type\":\"Organization\",\"@id\":\"https:\/\/sevensun.design\/#organization\",\"name\":\"SEVENSUN\",\"url\":\"https:\/\/sevensun.design\/\",\"sameAs\":[\"https:\/\/www.facebook.com\/7Sevensun\/\",\"https:\/\/www.linkedin.com\/in\/sevensun-design-b203351b1\/?originalSubdomain=gr\",\"https:\/\/www.youtube.com\/channel\/UCY9MdVEZzULA-0s7qnT_2nw\"],\"logo\":{\"@type\":\"ImageObject\",\"@id\":\"https:\/\/sevensun.design\/#logo\",\"inLanguage\":\"de\",\"url\":\"https:\/\/sevensun.design\/wp-content\/uploads\/2020\/09\/logo9.png\",\"width\":400,\"height\":55,\"caption\":\"SEVENSUN\"},\"image\":{\"@id\":\"https:\/\/sevensun.design\/#logo\"}},{\"@type\":\"WebSite\",\"@id\":\"https:\/\/sevensun.design\/#website\",\"url\":\"https:\/\/sevensun.design\/\",\"name\":\"SEVENSUN\",\"description\":\"100% Hellenic shade\",\"publisher\":{\"@id\":\"https:\/\/sevensun.design\/#organization\"},\"potentialAction\":[{\"@type\":\"SearchAction\",\"target\":\"https:\/\/sevensun.design\/?s={search_term_string}\",\"query-input\":\"required name=search_term_string\"}],\"inLanguage\":\"de\"},{\"@type\":\"WebPage\",\"@id\":\"https:\/\/sevensun.design\/de\/privacy-policy\/#webpage\",\"url\":\"https:\/\/sevensun.design\/de\/privacy-policy\/\",\"name\":\"Datenschutzerkl\\u00e4rung | SEVENSUN\",\"isPartOf\":{\"@id\":\"https:\/\/sevensun.design\/#website\"},\"datePublished\":\"2021-02-22T09:43:05+00:00\",\"dateModified\":\"2024-04-19T06:48:10+00:00\",\"breadcrumb\":{\"@id\":\"https:\/\/sevensun.design\/de\/privacy-policy\/#breadcrumb\"},\"inLanguage\":\"de\",\"potentialAction\":[{\"@type\":\"ReadAction\",\"target\":[\"https:\/\/sevensun.design\/de\/privacy-policy\/\"]}]},{\"@type\":\"BreadcrumbList\",\"@id\":\"https:\/\/sevensun.design\/de\/privacy-policy\/#breadcrumb\",\"itemListElement\":[{\"@type\":\"ListItem\",\"position\":1,\"item\":{\"@type\":\"WebPage\",\"@id\":\"https:\/\/sevensun.design\/de\/\",\"url\":\"https:\/\/sevensun.design\/de\/\",\"name\":\"Home\"}},{\"@type\":\"ListItem\",\"position\":2,\"item\":{\"@type\":\"WebPage\",\"@id\":\"https:\/\/sevensun.design\/de\/privacy-policy\/\",\"url\":\"https:\/\/sevensun.design\/de\/privacy-policy\/\",\"name\":\"Privacy policy\"}}]}]}<\/script>\n<!-- \/ Yoast SEO plugin. -->","_links":{"self":[{"href":"https:\/\/sevensun.design\/de\/wp-json\/wp\/v2\/pages\/6951"}],"collection":[{"href":"https:\/\/sevensun.design\/de\/wp-json\/wp\/v2\/pages"}],"about":[{"href":"https:\/\/sevensun.design\/de\/wp-json\/wp\/v2\/types\/page"}],"author":[{"embeddable":true,"href":"https:\/\/sevensun.design\/de\/wp-json\/wp\/v2\/users\/1"}],"replies":[{"embeddable":true,"href":"https:\/\/sevensun.design\/de\/wp-json\/wp\/v2\/comments?post=6951"}],"version-history":[{"count":2,"href":"https:\/\/sevensun.design\/de\/wp-json\/wp\/v2\/pages\/6951\/revisions"}],"predecessor-version":[{"id":6953,"href":"https:\/\/sevensun.design\/de\/wp-json\/wp\/v2\/pages\/6951\/revisions\/6953"}],"wp:attachment":[{"href":"https:\/\/sevensun.design\/de\/wp-json\/wp\/v2\/media?parent=6951"}],"curies":[{"name":"wp","href":"https:\/\/api.w.org\/{rel}","templated":true}]}}