{"id":6903,"date":"2024-02-27T18:19:04","date_gmt":"2024-02-27T18:19:04","guid":{"rendered":"https:\/\/sevensun.design\/news\/"},"modified":"2025-02-10T14:43:08","modified_gmt":"2025-02-10T12:43:08","slug":"news","status":"publish","type":"page","link":"https:\/\/sevensun.design\/de\/news\/","title":{"rendered":"Nachricht"},"content":{"rendered":"<div class=\"fusion-fullwidth fullwidth-box fusion-builder-row-1 fusion-flex-container nonhundred-percent-fullwidth non-hundred-percent-height-scrolling\" style=\"background-color: rgba(234,145,107,0.11);background-position: center center;background-repeat: no-repeat;border-width: 0px 0px 0px 0px;border-color:#eae9e9;border-style:solid;\" ><div class=\"fusion-builder-row fusion-row fusion-flex-align-items-center fusion-flex-align-content-flex-start fusion-flex-justify-content-center\" style=\"max-width:1320.8px;margin-left: calc(-4% \/ 2 );margin-right: calc(-4% \/ 2 );\"><div class=\"fusion-layout-column fusion_builder_column fusion-builder-column-0 fusion_builder_column_1_1 1_1 fusion-flex-column fusion-animated\" data-animationType=\"fadeInDown\" data-animationDuration=\"0.8\" data-animationOffset=\"100%\"><div class=\"fusion-column-wrapper fusion-flex-justify-content-flex-start fusion-content-layout-column\" style=\"background-position:left top;background-repeat:no-repeat;-webkit-background-size:cover;-moz-background-size:cover;-o-background-size:cover;background-size:cover;padding: 0px 0px 0px 0px;\"><style type=\"text\/css\">@media only screen and (max-width:1024px) {.fusion-title.fusion-title-1{margin-top:8px!important;margin-bottom:16px!important;}}@media only screen and (max-width:480px) {.fusion-title.fusion-title-1{margin-top:8px!important;margin-bottom:16px!important;}}<\/style><div class=\"fusion-title title fusion-title-1 fusion-sep-none fusion-title-center fusion-title-text fusion-title-size-one\" style=\"font-size:70px;margin-top:8px;margin-bottom:16px;\"><h1 class=\"title-heading-center\" style=\"font-family:&quot;Bodoni Moda&quot;;font-weight:400;margin:0;font-size:1em;\"><p style=\"text-align: center;\">Neuigkeiten<\/p><\/h1><\/div><div class=\"fusion-recent-posts fusion-recent-posts-1 avada-container layout-default layout-columns-3\"><section class=\"fusion-columns columns fusion-columns-3 columns-3\"><article class=\"post fusion-column column col col-lg-4 col-md-4 col-sm-4\"><div class=\"fusion-flexslider fusion-flexslider-loading flexslider flexslider-hover-type-none\"><ul class=\"slides\"><li><a href=\"https:\/\/sevensun.design\/de\/sevensun-at-100-hotel-show-crete-booth-25\/\" aria-label=\"Sevensun \u03c3\u03c4\u03b7\u03bd \u03ad\u03ba\u03b8\u03b5\u03c3\u03b7 100% Hotel Show \u039a\u03c1\u03ae\u03c4\u03b7\u03c2 | \u03a0\u03b5\u03c1\u03af\u03c0\u03c4\u03b5\u03c1\u03bf 25\" class=\"hover-type-none\"><img width=\"657\" height=\"441\" src=\"https:\/\/sevensun.design\/wp-content\/uploads\/2020\/09\/Hotel.jpg\" class=\"attachment-full size-full\" alt=\"Hotel SHOW 2025\" srcset=\"https:\/\/sevensun.design\/wp-content\/uploads\/2020\/09\/Hotel-200x134.jpg 200w, https:\/\/sevensun.design\/wp-content\/uploads\/2020\/09\/Hotel-400x268.jpg 400w, https:\/\/sevensun.design\/wp-content\/uploads\/2020\/09\/Hotel-600x403.jpg 600w, https:\/\/sevensun.design\/wp-content\/uploads\/2020\/09\/Hotel.jpg 657w\" sizes=\"(min-width: 2200px) 100vw, (min-width: 784px) 403px, (min-width: 712px) 605px, (min-width: 640px) 712px, \" \/><\/a><\/li><\/ul><\/div><div class=\"recent-posts-content\"><span class=\"vcard\" style=\"display: none;\"><span class=\"fn\"><a href=\"https:\/\/sevensun.design\/de\/author\/sevensun-admin\/\" title=\"Beitr\u00e4ge von sevensun.admin\" rel=\"author\">sevensun.admin<\/a><\/span><\/span><span class=\"updated\" style=\"display:none;\">2025-03-11T19:51:33+02:00<\/span><h4 class=\"entry-title\"><a href=\"https:\/\/sevensun.design\/de\/sevensun-at-100-hotel-show-crete-booth-25\/\">Sevensun \u03c3\u03c4\u03b7\u03bd \u03ad\u03ba\u03b8\u03b5\u03c3\u03b7 100% Hotel Show \u039a\u03c1\u03ae\u03c4\u03b7\u03c2 | \u03a0\u03b5\u03c1\u03af\u03c0\u03c4\u03b5\u03c1\u03bf 25<\/a><\/h4><p class=\"meta\"><span class=\"vcard\" style=\"display: none;\"><span class=\"fn\"><a href=\"https:\/\/sevensun.design\/de\/author\/sevensun-admin\/\" title=\"Beitr\u00e4ge von sevensun.admin\" rel=\"author\">sevensun.admin<\/a><\/span><\/span><span class=\"updated\" style=\"display:none;\">2025-03-11T19:51:33+02:00<\/span><\/p><p> Sevensun \u03c3\u03c4\u03b7\u03bd \u03ad\u03ba\u03b8\u03b5\u03c3\u03b7 100% Hotel Show \u039a\u03c1\u03ae\u03c4\u03b7\u03c2 | \u03a0\u03b5\u03c1\u03af\u03c0\u03c4\u03b5\u03c1\u03bf 25 \u0397 sevensun \u03c3\u03c5\u03bc\u03bc\u03b5\u03c4\u03ad\u03c7\u03b5\u03b9 \u03c3\u03c4\u03b7\u03bd \u03ba\u03bf\u03c1\u03c5\u03c6\u03b1\u03af\u03b1 \u03ad\u03ba\u03b8\u03b5\u03c3\u03b7 ...<\/p><\/div><\/article><article class=\"post fusion-column column col col-lg-4 col-md-4 col-sm-4\"><div class=\"fusion-flexslider fusion-flexslider-loading flexslider flexslider-hover-type-none\"><ul class=\"slides\"><li><a href=\"https:\/\/sevensun.design\/de\/spende-einer-pergola-an-den-kulturverein-von-lastros-sitia\/\" aria-label=\"Spende einer Pergola an den Kulturverein von Lastros, Sitia\" class=\"hover-type-none\"><img width=\"657\" height=\"495\" src=\"https:\/\/sevensun.design\/wp-content\/uploads\/2025\/02\/pergola-home.jpg\" class=\"attachment-full size-full\" alt=\"pergola\" srcset=\"https:\/\/sevensun.design\/wp-content\/uploads\/2025\/02\/pergola-home-200x151.jpg 200w, https:\/\/sevensun.design\/wp-content\/uploads\/2025\/02\/pergola-home-400x301.jpg 400w, https:\/\/sevensun.design\/wp-content\/uploads\/2025\/02\/pergola-home-600x452.jpg 600w, https:\/\/sevensun.design\/wp-content\/uploads\/2025\/02\/pergola-home.jpg 657w\" sizes=\"(min-width: 2200px) 100vw, (min-width: 784px) 403px, (min-width: 712px) 605px, (min-width: 640px) 712px, \" \/><\/a><\/li><\/ul><\/div><div class=\"recent-posts-content\"><span class=\"vcard\" style=\"display: none;\"><span class=\"fn\"><a href=\"https:\/\/sevensun.design\/de\/author\/sevensun-admin\/\" title=\"Beitr\u00e4ge von sevensun.admin\" rel=\"author\">sevensun.admin<\/a><\/span><\/span><span class=\"updated\" style=\"display:none;\">2025-02-10T14:22:02+02:00<\/span><h4 class=\"entry-title\"><a href=\"https:\/\/sevensun.design\/de\/spende-einer-pergola-an-den-kulturverein-von-lastros-sitia\/\">Spende einer Pergola an den Kulturverein von Lastros, Sitia<\/a><\/h4><p class=\"meta\"><span class=\"vcard\" style=\"display: none;\"><span class=\"fn\"><a href=\"https:\/\/sevensun.design\/de\/author\/sevensun-admin\/\" title=\"Beitr\u00e4ge von sevensun.admin\" rel=\"author\">sevensun.admin<\/a><\/span><\/span><span class=\"updated\" style=\"display:none;\">2025-02-10T14:22:02+02:00<\/span><\/p><p> Spende einer Pergola an den Kulturverein von Lastros, Sitia   Bei Sevensun ist die Verbundenheit ...<\/p><\/div><\/article><article class=\"post fusion-column column col col-lg-4 col-md-4 col-sm-4\"><div class=\"fusion-flexslider fusion-flexslider-loading flexslider flexslider-hover-type-none\"><ul class=\"slides\"><li><a href=\"https:\/\/sevensun.design\/de\/new-headquarter\/\" aria-label=\"Neue Hauptgesch\u00e4ftsstelle\" class=\"hover-type-none\"><img width=\"657\" height=\"495\" src=\"https:\/\/sevensun.design\/wp-content\/uploads\/2024\/03\/newoffice-news.jpg\" class=\"attachment-full size-full\" alt=\"sevensun offices\" srcset=\"https:\/\/sevensun.design\/wp-content\/uploads\/2024\/03\/newoffice-news-200x151.jpg 200w, https:\/\/sevensun.design\/wp-content\/uploads\/2024\/03\/newoffice-news-400x301.jpg 400w, https:\/\/sevensun.design\/wp-content\/uploads\/2024\/03\/newoffice-news-600x452.jpg 600w, https:\/\/sevensun.design\/wp-content\/uploads\/2024\/03\/newoffice-news.jpg 657w\" sizes=\"(min-width: 2200px) 100vw, (min-width: 784px) 403px, (min-width: 712px) 605px, (min-width: 640px) 712px, \" \/><\/a><\/li><\/ul><\/div><div class=\"recent-posts-content\"><span class=\"vcard\" style=\"display: none;\"><span class=\"fn\"><a href=\"https:\/\/sevensun.design\/de\/author\/sevensun-admin\/\" title=\"Beitr\u00e4ge von sevensun.admin\" rel=\"author\">sevensun.admin<\/a><\/span><\/span><span class=\"updated\" style=\"display:none;\">2024-04-20T18:11:06+02:00<\/span><h4 class=\"entry-title\"><a href=\"https:\/\/sevensun.design\/de\/new-headquarter\/\">Neue Hauptgesch\u00e4ftsstelle<\/a><\/h4><p class=\"meta\"><span class=\"vcard\" style=\"display: none;\"><span class=\"fn\"><a href=\"https:\/\/sevensun.design\/de\/author\/sevensun-admin\/\" title=\"Beitr\u00e4ge von sevensun.admin\" rel=\"author\">sevensun.admin<\/a><\/span><\/span><span class=\"updated\" style=\"display:none;\">2024-04-20T18:11:06+02:00<\/span><\/p><p>Wir haben die T\u00fcren unserer neuen B\u00fcros ge\u00f6ffnet  Am 27. Januar dieses Jahres haben wir unseren ...<\/p><\/div><\/article><article class=\"post fusion-column column col col-lg-4 col-md-4 col-sm-4\"><div class=\"fusion-flexslider fusion-flexslider-loading flexslider flexslider-hover-type-none\"><ul class=\"slides\"><li><a href=\"https:\/\/sevensun.design\/de\/athena-new-pergola\/\" aria-label=\"Neues Product: Athen\u00e0\" class=\"hover-type-none\"><img width=\"657\" height=\"495\" src=\"https:\/\/sevensun.design\/wp-content\/uploads\/2024\/02\/Athena-pergola-cover.jpg\" class=\"attachment-full size-full\" alt=\"Athena Pergola\" srcset=\"https:\/\/sevensun.design\/wp-content\/uploads\/2024\/02\/Athena-pergola-cover-200x151.jpg 200w, https:\/\/sevensun.design\/wp-content\/uploads\/2024\/02\/Athena-pergola-cover-400x301.jpg 400w, https:\/\/sevensun.design\/wp-content\/uploads\/2024\/02\/Athena-pergola-cover-600x452.jpg 600w, https:\/\/sevensun.design\/wp-content\/uploads\/2024\/02\/Athena-pergola-cover.jpg 657w\" sizes=\"(min-width: 2200px) 100vw, (min-width: 784px) 403px, (min-width: 712px) 605px, (min-width: 640px) 712px, \" \/><\/a><\/li><\/ul><\/div><div class=\"recent-posts-content\"><span class=\"vcard\" style=\"display: none;\"><span class=\"fn\"><a href=\"https:\/\/sevensun.design\/de\/author\/sevensun-admin\/\" title=\"Beitr\u00e4ge von sevensun.admin\" rel=\"author\">sevensun.admin<\/a><\/span><\/span><span class=\"updated\" style=\"display:none;\">2024-04-20T18:11:25+02:00<\/span><h4 class=\"entry-title\"><a href=\"https:\/\/sevensun.design\/de\/athena-new-pergola\/\">Neues Product: Athen\u00e0<\/a><\/h4><p class=\"meta\"><span class=\"vcard\" style=\"display: none;\"><span class=\"fn\"><a href=\"https:\/\/sevensun.design\/de\/author\/sevensun-admin\/\" title=\"Beitr\u00e4ge von sevensun.admin\" rel=\"author\">sevensun.admin<\/a><\/span><\/span><span class=\"updated\" style=\"display:none;\">2024-04-20T18:11:25+02:00<\/span><\/p><p>Neue L\u00f6sungen f\u00fcr das Leben im Freien!  Die Pergola ATHEN\u00c0 vereint die besten Elemente einer Pergola ...<\/p><\/div><\/article><article class=\"post fusion-column column col col-lg-4 col-md-4 col-sm-4\"><div class=\"fusion-flexslider fusion-flexslider-loading flexslider flexslider-hover-type-none\"><ul class=\"slides\"><li><a href=\"https:\/\/sevensun.design\/de\/eoz-zip-new-system\/\" aria-label=\"Neues Product: EOS Zip\" class=\"hover-type-none\"><img width=\"657\" height=\"495\" src=\"https:\/\/sevensun.design\/wp-content\/uploads\/2024\/02\/EOS-zip-cover.jpg\" class=\"attachment-full size-full\" alt=\"EOS\" srcset=\"https:\/\/sevensun.design\/wp-content\/uploads\/2024\/02\/EOS-zip-cover-200x151.jpg 200w, https:\/\/sevensun.design\/wp-content\/uploads\/2024\/02\/EOS-zip-cover-400x301.jpg 400w, https:\/\/sevensun.design\/wp-content\/uploads\/2024\/02\/EOS-zip-cover-600x452.jpg 600w, https:\/\/sevensun.design\/wp-content\/uploads\/2024\/02\/EOS-zip-cover.jpg 657w\" sizes=\"(min-width: 2200px) 100vw, (min-width: 784px) 403px, (min-width: 712px) 605px, (min-width: 640px) 712px, \" \/><\/a><\/li><\/ul><\/div><div class=\"recent-posts-content\"><span class=\"vcard\" style=\"display: none;\"><span class=\"fn\"><a href=\"https:\/\/sevensun.design\/de\/author\/sevensun-admin\/\" title=\"Beitr\u00e4ge von sevensun.admin\" rel=\"author\">sevensun.admin<\/a><\/span><\/span><span class=\"updated\" style=\"display:none;\">2024-04-20T18:11:43+02:00<\/span><h4 class=\"entry-title\"><a href=\"https:\/\/sevensun.design\/de\/eoz-zip-new-system\/\">Neues Product: EOS Zip<\/a><\/h4><p class=\"meta\"><span class=\"vcard\" style=\"display: none;\"><span class=\"fn\"><a href=\"https:\/\/sevensun.design\/de\/author\/sevensun-admin\/\" title=\"Beitr\u00e4ge von sevensun.admin\" rel=\"author\">sevensun.admin<\/a><\/span><\/span><span class=\"updated\" style=\"display:none;\">2024-04-20T18:11:43+02:00<\/span><\/p><p>EOS, die innovative Vertikaljalousie.  Das vertikale Jalousiesystem, das Effizienz und \u00c4sthetik in einem modernen Design perfekt ...<\/p><\/div><\/article><article class=\"post fusion-column column col col-lg-4 col-md-4 col-sm-4\"><div class=\"fusion-flexslider fusion-flexslider-loading flexslider flexslider-hover-type-none\"><ul class=\"slides\"><li><a href=\"https:\/\/sevensun.design\/de\/rt\/\" aria-label=\"R+T Stuttgart Messe 2024\" class=\"hover-type-none\"><img width=\"657\" height=\"495\" src=\"https:\/\/sevensun.design\/wp-content\/uploads\/2024\/02\/rt-cover.jpg\" class=\"attachment-full size-full\" alt=\"r+t exhibition\" srcset=\"https:\/\/sevensun.design\/wp-content\/uploads\/2024\/02\/rt-cover-200x151.jpg 200w, https:\/\/sevensun.design\/wp-content\/uploads\/2024\/02\/rt-cover-400x301.jpg 400w, https:\/\/sevensun.design\/wp-content\/uploads\/2024\/02\/rt-cover-600x452.jpg 600w, https:\/\/sevensun.design\/wp-content\/uploads\/2024\/02\/rt-cover.jpg 657w\" sizes=\"(min-width: 2200px) 100vw, (min-width: 784px) 403px, (min-width: 712px) 605px, (min-width: 640px) 712px, \" \/><\/a><\/li><\/ul><\/div><div class=\"recent-posts-content\"><span class=\"vcard\" style=\"display: none;\"><span class=\"fn\"><a href=\"https:\/\/sevensun.design\/de\/author\/sevensun-admin\/\" title=\"Beitr\u00e4ge von sevensun.admin\" rel=\"author\">sevensun.admin<\/a><\/span><\/span><span class=\"updated\" style=\"display:none;\">2024-04-20T18:12:03+02:00<\/span><h4 class=\"entry-title\"><a href=\"https:\/\/sevensun.design\/de\/rt\/\">R+T Stuttgart Messe 2024<\/a><\/h4><p class=\"meta\"><span class=\"vcard\" style=\"display: none;\"><span class=\"fn\"><a href=\"https:\/\/sevensun.design\/de\/author\/sevensun-admin\/\" title=\"Beitr\u00e4ge von sevensun.admin\" rel=\"author\">sevensun.admin<\/a><\/span><\/span><span class=\"updated\" style=\"display:none;\">2024-04-20T18:12:03+02:00<\/span><\/p><p>Gro\u00dfer Erfolg auf der Stuttgarter R+T-Messe!  Vom 19. bis 23. Februar 2024 nahm Sevensun an der ...<\/p><\/div><\/article><\/section><\/div><\/div><\/div><style type=\"text\/css\">.fusion-body .fusion-builder-column-0{width:100% !important;margin-top : 25px;margin-bottom : 25px;}.fusion-builder-column-0 > .fusion-column-wrapper {padding-top : 0px !important;padding-right : 0px !important;margin-right : 1.92%;padding-bottom : 0px !important;padding-left : 0px !important;margin-left : 1.92%;}@media only screen and (max-width:1024px) {.fusion-body .fusion-builder-column-0{width:100% !important;}.fusion-builder-column-0 > .fusion-column-wrapper {margin-right : 1.92%;margin-left : 1.92%;}}@media only screen and (max-width:480px) {.fusion-body .fusion-builder-column-0{width:100% !important;}.fusion-builder-column-0 > .fusion-column-wrapper {margin-right : 0%;margin-left : 0%;}}<\/style><\/div><style type=\"text\/css\">.fusion-body .fusion-flex-container.fusion-builder-row-1{ padding-top : 0px;margin-top : 0px;padding-right : 0px;padding-bottom : 0px;margin-bottom : 0px;padding-left : 0px;}@media only screen and (max-width:1024px) {.fusion-body .fusion-flex-container.fusion-builder-row-1{ padding-top : 80px;padding-bottom : 80px;}}@media only screen and (max-width:480px) {.fusion-body .fusion-flex-container.fusion-builder-row-1{ padding-top : 30px;padding-bottom : 30px;}}<\/style><\/div>\n","protected":false},"excerpt":{"rendered":"","protected":false},"author":1,"featured_media":0,"parent":0,"menu_order":0,"comment_status":"closed","ping_status":"closed","template":"100-width.php","meta":[],"yoast_head":"<!-- This site is optimized with the Yoast SEO plugin v16.0.2 - https:\/\/yoast.com\/wordpress\/plugins\/seo\/ -->\n<title>Neuigkeiten | SEVENSUN<\/title>\n<meta name=\"description\" content=\"Markisen, entwickelt von SEVEVSUN. Unser Forschungs- und Entwicklungsteam hat ein revolution\u00e4res Markisensystem entwickelt, das einen vollst\u00e4ndigen Schutz f\u00fcr Tuch und Motor bietet. Dank unseres hochqualifizierten Personals und unseres hochmodernen Maschinenparks k\u00f6nnen wir eine p\u00fcnktliche Lieferung f\u00fcr jede Bestellung gew\u00e4hrleisten. Wir bieten ma\u00dfgeschneiderte L\u00f6sungen f\u00fcr jeden Bedarf, auch f\u00fcr kleinere Produktmengen.\" \/>\n<meta name=\"robots\" content=\"index, follow, max-snippet:-1, max-image-preview:large, max-video-preview:-1\" \/>\n<link rel=\"canonical\" href=\"https:\/\/sevensun.design\/de\/news\/\" \/>\n<meta property=\"og:locale\" content=\"de_DE\" \/>\n<meta property=\"og:type\" content=\"article\" \/>\n<meta property=\"og:title\" content=\"Neuigkeiten | SEVENSUN\" \/>\n<meta property=\"og:description\" content=\"Markisen, entwickelt von SEVEVSUN. Unser Forschungs- und Entwicklungsteam hat ein revolution\u00e4res Markisensystem entwickelt, das einen vollst\u00e4ndigen Schutz f\u00fcr Tuch und Motor bietet. Dank unseres hochqualifizierten Personals und unseres hochmodernen Maschinenparks k\u00f6nnen wir eine p\u00fcnktliche Lieferung f\u00fcr jede Bestellung gew\u00e4hrleisten. Wir bieten ma\u00dfgeschneiderte L\u00f6sungen f\u00fcr jeden Bedarf, auch f\u00fcr kleinere Produktmengen.\" \/>\n<meta property=\"og:url\" content=\"https:\/\/sevensun.design\/de\/news\/\" \/>\n<meta property=\"og:site_name\" content=\"SEVENSUN\" \/>\n<meta property=\"article:publisher\" content=\"https:\/\/www.facebook.com\/7Sevensun\/\" \/>\n<meta property=\"article:modified_time\" content=\"2025-02-10T12:43:08+00:00\" \/>\n<meta name=\"twitter:card\" content=\"summary_large_image\" \/>\n<meta name=\"twitter:label1\" content=\"Gesch\u00e4tzte Lesezeit\">\n\t<meta name=\"twitter:data1\" content=\"2\u00a0Minuten\">\n<script type=\"application\/ld+json\" class=\"yoast-schema-graph\">{\"@context\":\"https:\/\/schema.org\",\"@graph\":[{\"@type\":\"Organization\",\"@id\":\"https:\/\/sevensun.design\/#organization\",\"name\":\"SEVENSUN\",\"url\":\"https:\/\/sevensun.design\/\",\"sameAs\":[\"https:\/\/www.facebook.com\/7Sevensun\/\",\"https:\/\/www.linkedin.com\/in\/sevensun-design-b203351b1\/?originalSubdomain=gr\",\"https:\/\/www.youtube.com\/channel\/UCY9MdVEZzULA-0s7qnT_2nw\"],\"logo\":{\"@type\":\"ImageObject\",\"@id\":\"https:\/\/sevensun.design\/#logo\",\"inLanguage\":\"de\",\"url\":\"https:\/\/sevensun.design\/wp-content\/uploads\/2020\/09\/logo9.png\",\"width\":400,\"height\":55,\"caption\":\"SEVENSUN\"},\"image\":{\"@id\":\"https:\/\/sevensun.design\/#logo\"}},{\"@type\":\"WebSite\",\"@id\":\"https:\/\/sevensun.design\/#website\",\"url\":\"https:\/\/sevensun.design\/\",\"name\":\"SEVENSUN\",\"description\":\"100% Hellenic shade\",\"publisher\":{\"@id\":\"https:\/\/sevensun.design\/#organization\"},\"potentialAction\":[{\"@type\":\"SearchAction\",\"target\":\"https:\/\/sevensun.design\/?s={search_term_string}\",\"query-input\":\"required name=search_term_string\"}],\"inLanguage\":\"de\"},{\"@type\":\"WebPage\",\"@id\":\"https:\/\/sevensun.design\/de\/news\/#webpage\",\"url\":\"https:\/\/sevensun.design\/de\/news\/\",\"name\":\"Neuigkeiten | SEVENSUN\",\"isPartOf\":{\"@id\":\"https:\/\/sevensun.design\/#website\"},\"datePublished\":\"2024-02-27T18:19:04+00:00\",\"dateModified\":\"2025-02-10T12:43:08+00:00\",\"description\":\"Markisen, entwickelt von SEVEVSUN. Unser Forschungs- und Entwicklungsteam hat ein revolution\\u00e4res Markisensystem entwickelt, das einen vollst\\u00e4ndigen Schutz f\\u00fcr Tuch und Motor bietet. Dank unseres hochqualifizierten Personals und unseres hochmodernen Maschinenparks k\\u00f6nnen wir eine p\\u00fcnktliche Lieferung f\\u00fcr jede Bestellung gew\\u00e4hrleisten. Wir bieten ma\\u00dfgeschneiderte L\\u00f6sungen f\\u00fcr jeden Bedarf, auch f\\u00fcr kleinere Produktmengen.\",\"breadcrumb\":{\"@id\":\"https:\/\/sevensun.design\/de\/news\/#breadcrumb\"},\"inLanguage\":\"de\",\"potentialAction\":[{\"@type\":\"ReadAction\",\"target\":[\"https:\/\/sevensun.design\/de\/news\/\"]}]},{\"@type\":\"BreadcrumbList\",\"@id\":\"https:\/\/sevensun.design\/de\/news\/#breadcrumb\",\"itemListElement\":[{\"@type\":\"ListItem\",\"position\":1,\"item\":{\"@type\":\"WebPage\",\"@id\":\"https:\/\/sevensun.design\/de\/\",\"url\":\"https:\/\/sevensun.design\/de\/\",\"name\":\"Home\"}},{\"@type\":\"ListItem\",\"position\":2,\"item\":{\"@type\":\"WebPage\",\"@id\":\"https:\/\/sevensun.design\/de\/news\/\",\"url\":\"https:\/\/sevensun.design\/de\/news\/\",\"name\":\"Nachricht\"}}]}]}<\/script>\n<!-- \/ Yoast SEO plugin. -->","_links":{"self":[{"href":"https:\/\/sevensun.design\/de\/wp-json\/wp\/v2\/pages\/6903"}],"collection":[{"href":"https:\/\/sevensun.design\/de\/wp-json\/wp\/v2\/pages"}],"about":[{"href":"https:\/\/sevensun.design\/de\/wp-json\/wp\/v2\/types\/page"}],"author":[{"embeddable":true,"href":"https:\/\/sevensun.design\/de\/wp-json\/wp\/v2\/users\/1"}],"replies":[{"embeddable":true,"href":"https:\/\/sevensun.design\/de\/wp-json\/wp\/v2\/comments?post=6903"}],"version-history":[{"count":7,"href":"https:\/\/sevensun.design\/de\/wp-json\/wp\/v2\/pages\/6903\/revisions"}],"predecessor-version":[{"id":7993,"href":"https:\/\/sevensun.design\/de\/wp-json\/wp\/v2\/pages\/6903\/revisions\/7993"}],"wp:attachment":[{"href":"https:\/\/sevensun.design\/de\/wp-json\/wp\/v2\/media?parent=6903"}],"curies":[{"name":"wp","href":"https:\/\/api.w.org\/{rel}","templated":true}]}}